{"id":200,"date":"2025-07-25T06:27:39","date_gmt":"2025-07-25T06:27:39","guid":{"rendered":"https:\/\/aqua-chicken-516759.hostingersite.com\/?page_id=200"},"modified":"2026-04-16T21:05:54","modified_gmt":"2026-04-16T21:05:54","slug":"enlaces-importantes","status":"publish","type":"page","link":"https:\/\/www.hackercol.com\/en\/enlaces-importantes\/","title":{"rendered":"enlaces-importantes"},"content":{"rendered":"<div data-elementor-type=\"wp-page\" data-elementor-id=\"200\" class=\"elementor elementor-200\">\n\t\t\t\t<div class=\"elementor-element elementor-element-ba68e90 e-flex e-con-boxed e-con e-parent\" data-id=\"ba68e90\" data-element_type=\"container\" data-e-type=\"container\">\n\t\t\t\t\t<div class=\"e-con-inner\">\n\t\t\t\t<div class=\"elementor-element elementor-element-c429d5c elementor-widget elementor-widget-html\" data-id=\"c429d5c\" data-element_type=\"widget\" data-e-type=\"widget\" data-widget_type=\"html.default\">\n\t\t\t\t\t<style>\r\n  :root{\r\n    --btn-w-pc: 320px;\r\n    --btn-w-m: 280px; \r\n  }\r\n\r\n  @keyframes enlaceFloatMobile {\r\n    0%,100% { transform: translateY(0);}\r\n    50%     { transform: translateY(-7px) scale(1.03);}\r\n  }\r\n  @keyframes enlaceBounce {\r\n    0%   { transform: scale(1);}\r\n    30%  { transform: scale(0.96);}\r\n    50%  { transform: scale(1.09);}\r\n    70%  { transform: scale(0.99);}\r\n    100% { transform: scale(1);}\r\n  }\r\n\r\n  .enlaces-importantes {\r\n    background-color: #000;\r\n    color: #fff;\r\n    font-family: system-ui, sans-serif;\r\n    padding: 0 !important;\r\n    margin: 0 !important;\r\n  }\r\n  .enlaces-importantes h1 {\r\n    font-size: 2.2rem;\r\n    color: #fff;\r\n    text-align: center;\r\n    letter-spacing: 0.5px;\r\n    font-weight: 800;\r\n    margin: 0 0 32px 0;\r\n    line-height: 1.12;\r\n    text-shadow: 0 0 7px #031933bb;\r\n  }\r\n\r\n  .enlaces-grid {\r\n    display: grid;\r\n    grid-template-columns: repeat(auto-fit, minmax(var(--btn-w-pc), var(--btn-w-pc)));\r\n    gap: 19px;\r\n    max-width: 1100px;\r\n    margin: 0 auto;\r\n    justify-content: center; \r\n  }\r\n\r\n  .enlace-box {\r\n    background: #0a0a0f;\r\n    padding: 18px 15px 18px 15px;\r\n    border: 1.7px solid #031933;\r\n    border-radius: 13px;\r\n    text-decoration: none !important;\r\n    color: #fff;\r\n    font-weight: 600;\r\n    font-size: 1.07rem;\r\n    display: flex;\r\n    align-items: center;\r\n    gap: 13px;\r\n    box-shadow: 0 2px 10px 0 #03193322;\r\n    transition: \r\n      color 0.22s, \r\n      background 0.23s, \r\n      border-color 0.23s, \r\n      box-shadow 0.20s, \r\n      transform 0.18s;\r\n    position: relative;\r\n    will-change: transform, box-shadow;\r\n    outline: none;\r\n    overflow: hidden;\r\n\r\n\r\n    width: 100%;\r\n    justify-content: center;\r\n    text-align: center;\r\n  }\r\n\r\n  .enlace-emoji {\r\n    font-size: 1.48em;\r\n    margin-right: 3px;\r\n    transition: filter .18s, transform .17s;\r\n    filter: drop-shadow(0 1px 3px #03193399);\r\n    flex-shrink: 0;\r\n    user-select: none;\r\n  }\r\n  .enlace-box:hover, .enlace-box:focus {\r\n    color: #4c8fff;\r\n    background: #131a24;\r\n    border-color: #4c8fff;\r\n    box-shadow: 0 8px 34px 0 #03193344;\r\n    outline: none;\r\n    animation: enlaceBounce 0.48s;\r\n    z-index: 1;\r\n    text-decoration: none;\r\n  }\r\n  .enlace-box:hover .enlace-emoji,\r\n  .enlace-box:focus .enlace-emoji {\r\n    filter: drop-shadow(0 2px 7px #4c8fff) brightness(1.08);\r\n    transform: scale(1.18) rotate(-8deg);\r\n  }\r\n  .enlace-box:active { transform: scale(0.98);}\r\n\r\n\r\n  @media (max-width: 600px) {\r\n    .enlaces-importantes h1 {\r\n      font-size: 1.27rem;\r\n      margin-bottom: 16px;\r\n    }\r\n    .enlaces-grid {\r\n      gap: 10px;\r\n      grid-template-columns: repeat(auto-fit, minmax(var(--btn-w-m), var(--btn-w-m)));\r\n      justify-content: center;\r\n    }\r\n    .enlace-box {\r\n      font-size: 0.97rem;\r\n      padding: 13px 7px 13px 7px;\r\n      border-radius: 9px;\r\n      animation: enlaceFloatMobile 6.5s ease-in-out infinite;\r\n      width: 100%;\r\n      justify-content: center;\r\n      text-align: center;\r\n    }\r\n    .enlace-emoji { font-size: 1.18em; }\r\n  }\r\n<\/style>\r\n\r\n<section class=\"enlaces-importantes\" aria-labelledby=\"enlaces-heading\">\r\n  <h1 id=\"enlaces-heading\">Important links of hacking<\/h1>\r\n  <p style=\"text-align:center; color:#c4c7cd; margin:0 0 28px 0; font-size:1.07em; max-width:640px; margin-left:auto; margin-right:auto;\">\r\n  Find here the most requested services from hacking, account recovery, and data modification. Select the link of the platform or service that you need.\r\n<\/p>\r\n\r\n  <div class=\"enlaces-grid\">\r\n    <a href=\"\/en\/hackear-whatsapp\/\" class=\"enlace-box\"><span class=\"enlace-emoji\">\ud83d\udfe6<\/span>Hack WhatsApp<\/a>\r\n    <a href=\"\/en\/hackear-telegram\/\" class=\"enlace-box\"><span class=\"enlace-emoji\">\ud83d\udce8<\/span>Hack Telegram<\/a>\r\n    <a href=\"\/en\/hackear-instagram\/\" class=\"enlace-box\"><span class=\"enlace-emoji\">\ud83d\udcf7<\/span>Hack Instagram<\/a>\r\n\r\n    <a href=\"\/en\/hackear-correo-electronico\/\" class=\"enlace-box\"><span class=\"enlace-emoji\">\u2709\ufe0f<\/span>Hack E-Mail<\/a>\r\n    <a href=\"\/en\/borrar-reportes-datacredito\/\" class=\"enlace-box\"><span class=\"enlace-emoji\">\ud83d\uddc3\ufe0f<\/span>Delete Reports Datacr\u00e9dito<\/a>\r\n    <a href=\"\/en\/eliminar-multas-de-transito\/\" class=\"enlace-box\"><span class=\"enlace-emoji\">\ud83d\udea6<\/span>To remove a Traffic ticket<\/a>\r\n    <a href=\"\/en\/cambiar-puntaje-icfes\/\" class=\"enlace-box\"><span class=\"enlace-emoji\">\ud83c\udfaf<\/span>Change Score ICFES<\/a>\r\n    <a href=\"\/en\/cambiar-notas-universidad\/\" class=\"enlace-box\"><span class=\"enlace-emoji\">\ud83c\udf93<\/span>Change Notes University<\/a>\r\n  <\/div>\r\n<\/section>\r\n\t\t\t\t<\/div>\n\t\t\t\t\t<\/div>\n\t\t\t\t<\/div>\n\t\t<div class=\"elementor-element elementor-element-d1956ad e-flex e-con-boxed e-con e-parent\" data-id=\"d1956ad\" data-element_type=\"container\" data-e-type=\"container\">\n\t\t\t\t\t<div class=\"e-con-inner\">\n\t\t\t\t<div class=\"elementor-element elementor-element-327c964 elementor-widget elementor-widget-html\" data-id=\"327c964\" data-element_type=\"widget\" data-e-type=\"widget\" data-widget_type=\"html.default\">\n\t\t\t\t\t<a href=\"\/en\/paneles-de-hacking-profesional\/\">\r\n  <img decoding=\"async\" \r\n    alt=\"enlaces importantes de hacking\"\r\n    src=\"https:\/\/www.hackercol.com\/wp-content\/uploads\/2025\/07\/logohc.webp\"\r\n    style=\"max-width:10%; height:auto; display:block; margin:auto; border:none !important; border-radius:0 !important;\"\r\n    id=\"logoHCPC\"\r\n  >\r\n<\/a>\r\n<a href=\"\/en\/paneles-de-hacking-profesional\/\">\r\n  <img decoding=\"async\" \r\n    alt=\"enlaces importantes de hacking\"\r\n    src=\"https:\/\/www.hackercol.com\/wp-content\/uploads\/2025\/07\/logohc.webp\"\r\n    style=\"max-width:30%; height:auto; display:none; margin:auto; border:none !important; border-radius:0 !important;\"\r\n    id=\"logoHCMobile\"\r\n  >\r\n<\/a>\r\n\t\t\t\t<\/div>\n\t\t\t\t\t<\/div>\n\t\t\t\t<\/div>\n\t\t<div class=\"elementor-element elementor-element-92620a3 e-flex e-con-boxed e-con e-parent\" data-id=\"92620a3\" data-element_type=\"container\" data-e-type=\"container\">\n\t\t\t\t\t<div class=\"e-con-inner\">\n\t\t\t\t<div class=\"elementor-element elementor-element-17a0209 elementor-widget elementor-widget-html\" data-id=\"17a0209\" data-element_type=\"widget\" data-e-type=\"widget\" data-widget_type=\"html.default\">\n\t\t\t\t\t\r\n<style>\r\n  @keyframes pulseAttention {\r\n    0%, 100% {\r\n      transform: scale(1);\r\n      box-shadow: 0 0 0 rgba(0, 76, 255, 0);\r\n    }\r\n    50% {\r\n      transform: scale(1.06);\r\n      box-shadow: 0 0 10px rgba(0, 76, 255, 0.5);\r\n    }\r\n  }\r\n\r\n  .csc-cta {\r\n    text-align: center;\r\n    background-color: #000;\r\n    color: #fff;\r\n    font-family: system-ui, sans-serif;\r\n  }\r\n\r\n  .csc-cta h2 {\r\n    font-size: 2rem;\r\n    font-weight: 700;\r\n    margin-bottom: 12px;\r\n    line-height: 1.3;\r\n  }\r\n\r\n  .csc-cta p {\r\n    font-size: 1rem;\r\n    color: #ccc;\r\n    margin-bottom: 24px;\r\n  }\r\n\r\n  .csc-cta a.cta-btn {\r\n    background-color: #004CFF;\r\n    color: #ffffff;\r\n    padding: 12px 30px;\r\n    font-size: 1rem;\r\n    font-weight: 600;\r\n    border-radius: 8px;\r\n    text-decoration: none;\r\n    display: inline-block;\r\n    animation: pulseAttention 2.5s infinite;\r\n    transition: background-color 0.3s ease;\r\n  }\r\n\r\n  .csc-cta a.cta-btn:hover {\r\n    background-color: #0036bb;\r\n    transform: scale(1.04);\r\n    box-shadow: 0 6px 14px rgba(0, 76, 255, 0.4);\r\n    animation: none;\r\n  }\r\n\r\n  @media (max-width: 600px) {\r\n    .csc-cta h2 {\r\n      font-size: 1.5rem;\r\n    }\r\n\r\n    .csc-cta p {\r\n      font-size: 0.95rem;\r\n    }\r\n\r\n    .csc-cta a.cta-btn {\r\n      padding: 10px 24px;\r\n      font-size: 0.95rem;\r\n    }\r\n  }\r\n<\/style>\r\n\r\n<div class=\"csc-cta\">\r\n  <h2>Just start already, hire a hacker professional!<\/h2>\r\n  <p>Professional services, completely confidential.<\/p>\r\n  <a href=\"\/en\/contacto\/\" class=\"cta-btn\">Contact us<\/a>\r\n<\/div>\t\t\t\t<\/div>\n\t\t\t\t\t<\/div>\n\t\t\t\t<\/div>\n\t\t\t\t<\/div>","protected":false},"excerpt":{"rendered":"<p>Enlaces importantes de hacking Encuentra aqu\u00ed los servicios m\u00e1s solicitados de hacking, recuperaci\u00f3n de cuentas y modificaci\u00f3n de datos. Selecciona [&hellip;]<\/p>\n","protected":false},"author":1,"featured_media":0,"parent":0,"menu_order":0,"comment_status":"closed","ping_status":"closed","template":"","meta":{"site-sidebar-layout":"no-sidebar","site-content-layout":"","ast-site-content-layout":"full-width-container","site-content-style":"default","site-sidebar-style":"default","ast-global-header-display":"","ast-banner-title-visibility":"","ast-main-header-display":"","ast-hfb-above-header-display":"","ast-hfb-below-header-display":"","ast-hfb-mobile-header-display":"","site-post-title":"disabled","ast-breadcrumbs-content":"","ast-featured-img":"disabled","footer-sml-layout":"","ast-disable-related-posts":"","theme-transparent-header-meta":"","adv-header-id-meta":"","stick-header-meta":"","header-above-stick-meta":"","header-main-stick-meta":"","header-below-stick-meta":"","astra-migrate-meta-layouts":"default","ast-page-background-enabled":"default","ast-page-background-meta":{"desktop":{"background-color":"var(--ast-global-color-5)","background-image":"","background-repeat":"repeat","background-position":"center center","background-size":"auto","background-attachment":"scroll","background-type":"","background-media":"","overlay-type":"","overlay-color":"","overlay-opacity":"","overlay-gradient":""},"tablet":{"background-color":"","background-image":"","background-repeat":"repeat","background-position":"center center","background-size":"auto","background-attachment":"scroll","background-type":"","background-media":"","overlay-type":"","overlay-color":"","overlay-opacity":"","overlay-gradient":""},"mobile":{"background-color":"","background-image":"","background-repeat":"repeat","background-position":"center center","background-size":"auto","background-attachment":"scroll","background-type":"","background-media":"","overlay-type":"","overlay-color":"","overlay-opacity":"","overlay-gradient":""}},"ast-content-background-meta":{"desktop":{"background-color":"var(--ast-global-color-4)","background-image":"","background-repeat":"repeat","background-position":"center center","background-size":"auto","background-attachment":"scroll","background-type":"","background-media":"","overlay-type":"","overlay-color":"","overlay-opacity":"","overlay-gradient":""},"tablet":{"background-color":"var(--ast-global-color-4)","background-image":"","background-repeat":"repeat","background-position":"center center","background-size":"auto","background-attachment":"scroll","background-type":"","background-media":"","overlay-type":"","overlay-color":"","overlay-opacity":"","overlay-gradient":""},"mobile":{"background-color":"var(--ast-global-color-4)","background-image":"","background-repeat":"repeat","background-position":"center center","background-size":"auto","background-attachment":"scroll","background-type":"","background-media":"","overlay-type":"","overlay-color":"","overlay-opacity":"","overlay-gradient":""}},"footnotes":""},"class_list":["post-200","page","type-page","status-publish","hentry"],"_links":{"self":[{"href":"https:\/\/www.hackercol.com\/en\/wp-json\/wp\/v2\/pages\/200","targetHints":{"allow":["GET"]}}],"collection":[{"href":"https:\/\/www.hackercol.com\/en\/wp-json\/wp\/v2\/pages"}],"about":[{"href":"https:\/\/www.hackercol.com\/en\/wp-json\/wp\/v2\/types\/page"}],"author":[{"embeddable":true,"href":"https:\/\/www.hackercol.com\/en\/wp-json\/wp\/v2\/users\/1"}],"replies":[{"embeddable":true,"href":"https:\/\/www.hackercol.com\/en\/wp-json\/wp\/v2\/comments?post=200"}],"version-history":[{"count":50,"href":"https:\/\/www.hackercol.com\/en\/wp-json\/wp\/v2\/pages\/200\/revisions"}],"predecessor-version":[{"id":1503,"href":"https:\/\/www.hackercol.com\/en\/wp-json\/wp\/v2\/pages\/200\/revisions\/1503"}],"wp:attachment":[{"href":"https:\/\/www.hackercol.com\/en\/wp-json\/wp\/v2\/media?parent=200"}],"curies":[{"name":"wp","href":"https:\/\/api.w.org\/{rel}","templated":true}]}}