{"id":17,"date":"2025-07-25T03:49:51","date_gmt":"2025-07-25T03:49:51","guid":{"rendered":"https:\/\/aqua-chicken-516759.hostingersite.com\/?page_id=17"},"modified":"2026-05-06T04:29:05","modified_gmt":"2026-05-06T04:29:05","slug":"contacto","status":"publish","type":"page","link":"https:\/\/www.hackercol.com\/en\/contacto\/","title":{"rendered":"contact"},"content":{"rendered":"<div data-elementor-type=\"wp-page\" data-elementor-id=\"17\" class=\"elementor elementor-17\">\n\t\t\t\t<div class=\"elementor-element elementor-element-54f215d e-flex e-con-boxed e-con e-parent\" data-id=\"54f215d\" data-element_type=\"container\" data-e-type=\"container\">\n\t\t\t\t\t<div class=\"e-con-inner\">\n\t\t\t\t<div class=\"elementor-element elementor-element-31421cf elementor-widget elementor-widget-html\" data-id=\"31421cf\" data-element_type=\"widget\" data-e-type=\"widget\" data-widget_type=\"html.default\">\n\t\t\t\t\t<style>\r\n  :root{\r\n    --csc-bg:#000;\r\n    --csc-fg:#fff;\r\n    --csc-accent:#0088cc;\r\n    --csc-whatsapp:#25D366;\r\n    --csc-muted:#b5b8c2;\r\n  }\r\n\r\n  #form.csc-contact, #form.csc-contact *{ box-sizing:border-box; }\r\n  #form.csc-contact a{ text-decoration:none !important; }\r\n\r\n  .csc-contact{\r\n    background:var(--csc-bg);\r\n    color:var(--csc-fg);\r\n    font-family:system-ui,'Segoe UI',sans-serif;\r\n    text-align:center;\r\n    padding:46px 16px 38px;\r\n  }\r\n\r\n  #form .csc-shell{\r\n    max-width:640px;\r\n    margin:0 auto;\r\n    padding:28px 18px 24px;\r\n    border-radius:18px;\r\n    background:linear-gradient(180deg, #06080d 0%, #000 60%);\r\n    border:1.6px solid rgba(0,136,204,0.6);\r\n    box-shadow:\r\n      0 0 0 1px rgba(0,136,204,0.25) inset,\r\n      0 0 25px rgba(0,136,204,0.25),\r\n      0 0 60px rgba(0,136,204,0.15);\r\n  }\r\n\r\n  #form .csc-contact-title{\r\n    font-size:2rem;\r\n    font-weight:800;\r\n    margin-bottom:12px;\r\n  }\r\n\r\n  #form .csc-contact-desc{\r\n    font-size:1rem;\r\n    color:var(--csc-muted);\r\n    margin-bottom:26px;\r\n  }\r\n\r\n  #form .csc-contact-channels{\r\n    display:flex;\r\n    flex-direction:column;\r\n    align-items:center;\r\n    gap:14px;\r\n  }\r\n\r\n  #form a.csc-contact-btn{\r\n    background:#000;\r\n    border:2px solid var(--csc-accent);\r\n    border-radius:14px;\r\n    padding:16px 18px;\r\n    width:100%;\r\n    max-width:420px;\r\n\r\n    display:flex;\r\n    align-items:center;\r\n    justify-content:center;\r\n    gap:14px;\r\n\r\n    color:#fff;\r\n    transition:.2s;\r\n  }\r\n\r\n  \/* BOTON WHATSAPP *\/\r\n  #form a.csc-contact-btn.whatsapp{\r\n    border-color:var(--csc-whatsapp);\r\n  }\r\n\r\n  #form a.csc-contact-btn.whatsapp:hover{\r\n    box-shadow:0 10px 25px rgba(37,211,102,.4);\r\n  }\r\n\r\n  #form a.csc-contact-btn:hover{\r\n    transform:translateY(-3px);\r\n    box-shadow:0 10px 25px rgba(0,136,204,.4);\r\n  }\r\n\r\n  .tg-icon{\r\n    width:42px;\r\n    height:42px;\r\n    flex-shrink:0;\r\n  }\r\n\r\n  .tg-text{\r\n    display:flex;\r\n    flex-direction:column;\r\n    align-items:flex-start;\r\n  }\r\n\r\n  .tg-title{\r\n    font-size:1.2rem;\r\n    font-weight:900;\r\n    letter-spacing:.6px;\r\n  }\r\n\r\n  .tg-user{\r\n    font-size:.9rem;\r\n    color:var(--csc-muted);\r\n  }\r\n\r\n  .tg-download{\r\n    margin-top:14px;\r\n    font-size:.85rem;\r\n    color:var(--csc-muted);\r\n  }\r\n\r\n  .tg-download a{\r\n    color:var(--csc-accent);\r\n    font-weight:600;\r\n  }\r\n<\/style>\r\n\r\n<div id=\"form\" class=\"csc-contact\">\r\n  <div class=\"csc-shell\">\r\n    <h2 class=\"csc-contact-title\">Contact confidential<\/h2>\r\n    \r\n    <p class=\"csc-contact-desc\">\r\n      Contact us securely, quickly, and completely confidentially through our available channels.\r\n    <\/p>\r\n\r\n    <div class=\"csc-contact-channels\">\r\n\r\n      <!-- TELEGRAM -->\r\n      <a href=\"https:\/\/t.me\/serviciohacker\" target=\"_blank\" rel=\"noopener nofollow\"\r\n         class=\"csc-contact-btn\">\r\n\r\n        <img decoding=\"async\" src=\"https:\/\/upload.wikimedia.org\/wikipedia\/commons\/8\/82\/Telegram_logo.svg\" \r\n             alt=\"Telegram\" class=\"tg-icon\">\r\n\r\n        <div class=\"tg-text\">\r\n          <span class=\"tg-title\">TELEGRAM<\/span>\r\n          <span class=\"tg-user\">@serviciohacker<\/span>\r\n        <\/div>\r\n\r\n      <\/a>\r\n\r\n      <!-- WHATSAPP -->\r\n      <a href=\"https:\/\/wa.me\/573224674933\" target=\"_blank\" rel=\"noopener nofollow\" class=\"csc-contact-btn whatsapp\">\r\n\r\n        <img decoding=\"async\" src=\"https:\/\/upload.wikimedia.org\/wikipedia\/commons\/6\/6b\/WhatsApp.svg\" \r\n             alt=\"WhatsApp\" class=\"tg-icon\">\r\n\r\n        <div class=\"tg-text\">\r\n          <span class=\"tg-title\">WHATSAPP<\/span>\r\n          <span class=\"tg-user\">+57 322 467 4933<\/span>\r\n        <\/div>\r\n\r\n      <\/a>\r\n\r\n    <\/div>\r\n\r\n\r\n  <\/div>\r\n<\/div>\t\t\t\t<\/div>\n\t\t\t\t\t<\/div>\n\t\t\t\t<\/div>\n\t\t\t\t<\/div>","protected":false},"excerpt":{"rendered":"<p>Contacto confidencial Cont\u00e1ctanos de forma segura, r\u00e1pida y completamente confidencial a trav\u00e9s de nuestros canales disponibles. TELEGRAM @serviciohacker WHATSAPP +57 [&hellip;]<\/p>\n","protected":false},"author":1,"featured_media":0,"parent":0,"menu_order":0,"comment_status":"closed","ping_status":"closed","template":"","meta":{"site-sidebar-layout":"no-sidebar","site-content-layout":"","ast-site-content-layout":"full-width-container","site-content-style":"default","site-sidebar-style":"default","ast-global-header-display":"","ast-banner-title-visibility":"","ast-main-header-display":"","ast-hfb-above-header-display":"","ast-hfb-below-header-display":"","ast-hfb-mobile-header-display":"","site-post-title":"disabled","ast-breadcrumbs-content":"","ast-featured-img":"disabled","footer-sml-layout":"","ast-disable-related-posts":"","theme-transparent-header-meta":"","adv-header-id-meta":"","stick-header-meta":"","header-above-stick-meta":"","header-main-stick-meta":"","header-below-stick-meta":"","astra-migrate-meta-layouts":"default","ast-page-background-enabled":"default","ast-page-background-meta":{"desktop":{"background-color":"var(--ast-global-color-5)","background-image":"","background-repeat":"repeat","background-position":"center center","background-size":"auto","background-attachment":"scroll","background-type":"","background-media":"","overlay-type":"","overlay-color":"","overlay-opacity":"","overlay-gradient":""},"tablet":{"background-color":"","background-image":"","background-repeat":"repeat","background-position":"center center","background-size":"auto","background-attachment":"scroll","background-type":"","background-media":"","overlay-type":"","overlay-color":"","overlay-opacity":"","overlay-gradient":""},"mobile":{"background-color":"","background-image":"","background-repeat":"repeat","background-position":"center center","background-size":"auto","background-attachment":"scroll","background-type":"","background-media":"","overlay-type":"","overlay-color":"","overlay-opacity":"","overlay-gradient":""}},"ast-content-background-meta":{"desktop":{"background-color":"var(--ast-global-color-4)","background-image":"","background-repeat":"repeat","background-position":"center center","background-size":"auto","background-attachment":"scroll","background-type":"","background-media":"","overlay-type":"","overlay-color":"","overlay-opacity":"","overlay-gradient":""},"tablet":{"background-color":"var(--ast-global-color-4)","background-image":"","background-repeat":"repeat","background-position":"center center","background-size":"auto","background-attachment":"scroll","background-type":"","background-media":"","overlay-type":"","overlay-color":"","overlay-opacity":"","overlay-gradient":""},"mobile":{"background-color":"var(--ast-global-color-4)","background-image":"","background-repeat":"repeat","background-position":"center center","background-size":"auto","background-attachment":"scroll","background-type":"","background-media":"","overlay-type":"","overlay-color":"","overlay-opacity":"","overlay-gradient":""}},"footnotes":""},"class_list":["post-17","page","type-page","status-publish","hentry"],"_links":{"self":[{"href":"https:\/\/www.hackercol.com\/en\/wp-json\/wp\/v2\/pages\/17","targetHints":{"allow":["GET"]}}],"collection":[{"href":"https:\/\/www.hackercol.com\/en\/wp-json\/wp\/v2\/pages"}],"about":[{"href":"https:\/\/www.hackercol.com\/en\/wp-json\/wp\/v2\/types\/page"}],"author":[{"embeddable":true,"href":"https:\/\/www.hackercol.com\/en\/wp-json\/wp\/v2\/users\/1"}],"replies":[{"embeddable":true,"href":"https:\/\/www.hackercol.com\/en\/wp-json\/wp\/v2\/comments?post=17"}],"version-history":[{"count":152,"href":"https:\/\/www.hackercol.com\/en\/wp-json\/wp\/v2\/pages\/17\/revisions"}],"predecessor-version":[{"id":1509,"href":"https:\/\/www.hackercol.com\/en\/wp-json\/wp\/v2\/pages\/17\/revisions\/1509"}],"wp:attachment":[{"href":"https:\/\/www.hackercol.com\/en\/wp-json\/wp\/v2\/media?parent=17"}],"curies":[{"name":"wp","href":"https:\/\/api.w.org\/{rel}","templated":true}]}}